{"id":1054,"date":"2019-08-13T23:49:18","date_gmt":"2019-08-13T23:49:18","guid":{"rendered":"https:\/\/jucumlir.org\/?page_id=1054"},"modified":"2024-10-01T10:10:40","modified_gmt":"2024-10-01T10:10:40","slug":"what-is-ywam","status":"publish","type":"page","link":"https:\/\/jucumlir.org\/es\/what-is-ywam\/","title":{"rendered":"Que es Jucum"},"content":{"rendered":"<div data-elementor-type=\"wp-post\" data-elementor-id=\"1054\" class=\"elementor elementor-1054\" data-elementor-post-type=\"page\">\n\t\t\t\t\t\t<section class=\"elementor-section elementor-top-section elementor-element elementor-element-fc0e4e1 elementor-section-boxed elementor-section-height-default elementor-section-height-default\" data-id=\"fc0e4e1\" data-element_type=\"section\" data-e-type=\"section\" data-settings=\"{&quot;background_background&quot;:&quot;classic&quot;}\">\n\t\t\t\t\t\t\t<div class=\"elementor-background-overlay\"><\/div>\n\t\t\t\t\t\t\t<div class=\"elementor-container elementor-column-gap-no\">\n\t\t\t\t\t<div class=\"elementor-column elementor-col-100 elementor-top-column elementor-element elementor-element-3adff0c\" data-id=\"3adff0c\" data-element_type=\"column\" data-e-type=\"column\">\n\t\t\t<div class=\"elementor-widget-wrap elementor-element-populated\">\n\t\t\t\t\t\t<div class=\"elementor-element elementor-element-c63e94e elementor-widget__width-initial elementor-widget elementor-widget-image\" data-id=\"c63e94e\" data-element_type=\"widget\" data-e-type=\"widget\" data-widget_type=\"image.default\">\n\t\t\t\t<div class=\"elementor-widget-container\">\n\t\t\t\t\t\t\t\t\t\t\t\t\t\t\t<img fetchpriority=\"high\" decoding=\"async\" width=\"512\" height=\"512\" src=\"https:\/\/jucumlir.org\/wp-content\/uploads\/2021\/06\/cropped-Logo-PNGs-03.png\" class=\"attachment-medium_large size-medium_large wp-image-3546\" alt=\"\" srcset=\"https:\/\/jucumlir.org\/wp-content\/uploads\/2021\/06\/cropped-Logo-PNGs-03.png 512w, https:\/\/jucumlir.org\/wp-content\/uploads\/2021\/06\/cropped-Logo-PNGs-03-300x300.png 300w, https:\/\/jucumlir.org\/wp-content\/uploads\/2021\/06\/cropped-Logo-PNGs-03-150x150.png 150w, https:\/\/jucumlir.org\/wp-content\/uploads\/2021\/06\/cropped-Logo-PNGs-03-12x12.png 12w, https:\/\/jucumlir.org\/wp-content\/uploads\/2021\/06\/cropped-Logo-PNGs-03-270x270.png 270w, https:\/\/jucumlir.org\/wp-content\/uploads\/2021\/06\/cropped-Logo-PNGs-03-192x192.png 192w, https:\/\/jucumlir.org\/wp-content\/uploads\/2021\/06\/cropped-Logo-PNGs-03-180x180.png 180w, https:\/\/jucumlir.org\/wp-content\/uploads\/2021\/06\/cropped-Logo-PNGs-03-32x32.png 32w\" sizes=\"(max-width: 512px) 100vw, 512px\" \/>\t\t\t\t\t\t\t\t\t\t\t\t\t\t\t<\/div>\n\t\t\t\t<\/div>\n\t\t\t\t<div class=\"elementor-element elementor-element-3d523df elementor-widget elementor-widget-text-editor\" data-id=\"3d523df\" data-element_type=\"widget\" data-e-type=\"widget\" data-widget_type=\"text-editor.default\">\n\t\t\t\t<div class=\"elementor-widget-container\">\n\t\t\t\t\t\t\t\t\t<h1>Conocer a Dios<\/h1><h1>Make Him known.<\/h1><p><b>Juventud con una Misi\u00f3n es un movimiento global de cristianos de muchas culturas, grupos de edad y tradiciones cristianas, dedicados a servir a Jes\u00fas en todo el mundo.\u00a0<\/b><\/p><p>Also known as YWAM, we unite in a common purpose to know God and to make Him known.<\/p><p>Cuando empezamos en 1960, nuestro principal objetivo era conseguir que los j\u00f3venes participaran en las misiones. Hoy en d\u00eda, seguimos centr\u00e1ndonos en los j\u00f3venes, y tambi\u00e9n involucramos a personas de entre 9 y 90 a\u00f1os. Actualmente trabajamos en m\u00e1s de 1.100 lugares en m\u00e1s de 180 pa\u00edses, con una plantilla de m\u00e1s de 18.000 personas.<\/p><p>Una de las alegr\u00edas de participar en JUCUM es trabajar con personas de muchas naciones. El personal de JUCUM (conocido como \"JUCUMeros\") proviene de m\u00e1s de 130 pa\u00edses, incluyendo lugares como Indonesia, Nepal, Mozambique y Colombia.<\/p>\t\t\t\t\t\t\t\t<\/div>\n\t\t\t\t<\/div>\n\t\t\t\t<div class=\"elementor-element elementor-element-7769dae elementor-widget elementor-widget-image\" data-id=\"7769dae\" data-element_type=\"widget\" data-e-type=\"widget\" data-widget_type=\"image.default\">\n\t\t\t\t<div class=\"elementor-widget-container\">\n\t\t\t\t\t\t\t\t\t\t\t\t\t\t\t<img decoding=\"async\" width=\"800\" height=\"495\" src=\"https:\/\/jucumlir.org\/wp-content\/uploads\/2019\/08\/WhatsApp-Image-2019-02-19-at-2.05.47-PM-1024x634.jpeg\" class=\"attachment-large size-large wp-image-1514\" alt=\"\" srcset=\"https:\/\/jucumlir.org\/wp-content\/uploads\/2019\/08\/WhatsApp-Image-2019-02-19-at-2.05.47-PM-1024x634.jpeg 1024w, https:\/\/jucumlir.org\/wp-content\/uploads\/2019\/08\/WhatsApp-Image-2019-02-19-at-2.05.47-PM-300x186.jpeg 300w, https:\/\/jucumlir.org\/wp-content\/uploads\/2019\/08\/WhatsApp-Image-2019-02-19-at-2.05.47-PM-768x475.jpeg 768w, https:\/\/jucumlir.org\/wp-content\/uploads\/2019\/08\/WhatsApp-Image-2019-02-19-at-2.05.47-PM-600x371.jpeg 600w, https:\/\/jucumlir.org\/wp-content\/uploads\/2019\/08\/WhatsApp-Image-2019-02-19-at-2.05.47-PM.jpeg 1280w\" sizes=\"(max-width: 800px) 100vw, 800px\" \/>\t\t\t\t\t\t\t\t\t\t\t\t\t\t\t<\/div>\n\t\t\t\t<\/div>\n\t\t\t\t\t<\/div>\n\t\t<\/div>\n\t\t\t\t\t<\/div>\n\t\t<\/section>\n\t\t\t\t<section class=\"elementor-section elementor-top-section elementor-element elementor-element-41b631b elementor-section-boxed elementor-section-height-default elementor-section-height-default\" data-id=\"41b631b\" data-element_type=\"section\" data-e-type=\"section\" data-settings=\"{&quot;background_background&quot;:&quot;classic&quot;}\">\n\t\t\t\t\t\t<div class=\"elementor-container elementor-column-gap-default\">\n\t\t\t\t\t<div class=\"elementor-column elementor-col-100 elementor-top-column elementor-element elementor-element-8f7fcb0\" data-id=\"8f7fcb0\" data-element_type=\"column\" data-e-type=\"column\">\n\t\t\t<div class=\"elementor-widget-wrap elementor-element-populated\">\n\t\t\t\t\t\t<div class=\"elementor-element elementor-element-72e42a7 elementor-widget elementor-widget-wp-widget-media_video\" data-id=\"72e42a7\" data-element_type=\"widget\" data-e-type=\"widget\" data-widget_type=\"wp-widget-media_video.default\">\n\t\t\t\t<div class=\"elementor-widget-container\">\n\t\t\t\t\t<div style=\"width:100%;\" class=\"wp-video\"><video class=\"wp-video-shortcode\" id=\"video-1054-1\" preload=\"metadata\" controls=\"controls\"><source type=\"video\/youtube\" src=\"https:\/\/www.youtube.com\/watch?v=Uz0EesM-G04&#038;_=1\" \/><a href=\"https:\/\/www.youtube.com\/watch?v=Uz0EesM-G04\">https:\/\/www.youtube.com\/watch?v=Uz0EesM-G04<\/a><\/video><\/div>\t\t\t\t<\/div>\n\t\t\t\t<\/div>\n\t\t\t\t\t<\/div>\n\t\t<\/div>\n\t\t\t\t\t<\/div>\n\t\t<\/section>\n\t\t\t\t<section class=\"elementor-section elementor-top-section elementor-element elementor-element-deee716 elementor-section-boxed elementor-section-height-default elementor-section-height-default\" data-id=\"deee716\" data-element_type=\"section\" data-e-type=\"section\" data-settings=\"{&quot;background_background&quot;:&quot;classic&quot;}\">\n\t\t\t\t\t\t\t<div class=\"elementor-background-overlay\"><\/div>\n\t\t\t\t\t\t\t<div class=\"elementor-container elementor-column-gap-no\">\n\t\t\t\t\t<div class=\"elementor-column elementor-col-50 elementor-top-column elementor-element elementor-element-7d3804a\" data-id=\"7d3804a\" data-element_type=\"column\" data-e-type=\"column\">\n\t\t\t<div class=\"elementor-widget-wrap elementor-element-populated\">\n\t\t\t\t\t\t<div class=\"elementor-element elementor-element-205665d elementor-widget elementor-widget-image\" data-id=\"205665d\" data-element_type=\"widget\" data-e-type=\"widget\" data-widget_type=\"image.default\">\n\t\t\t\t<div class=\"elementor-widget-container\">\n\t\t\t\t\t\t\t\t\t\t\t\t\t\t\t<img decoding=\"async\" width=\"560\" height=\"420\" src=\"https:\/\/jucumlir.org\/wp-content\/uploads\/2019\/08\/history-ministry.jpg_w1140ssl1.jpg\" class=\"attachment-large size-large wp-image-1513\" alt=\"\" srcset=\"https:\/\/jucumlir.org\/wp-content\/uploads\/2019\/08\/history-ministry.jpg_w1140ssl1.jpg 560w, https:\/\/jucumlir.org\/wp-content\/uploads\/2019\/08\/history-ministry.jpg_w1140ssl1-300x225.jpg 300w\" sizes=\"(max-width: 560px) 100vw, 560px\" \/>\t\t\t\t\t\t\t\t\t\t\t\t\t\t\t<\/div>\n\t\t\t\t<\/div>\n\t\t\t\t\t<\/div>\n\t\t<\/div>\n\t\t\t\t<div class=\"elementor-column elementor-col-50 elementor-top-column elementor-element elementor-element-1465829\" data-id=\"1465829\" data-element_type=\"column\" data-e-type=\"column\">\n\t\t\t<div class=\"elementor-widget-wrap elementor-element-populated\">\n\t\t\t\t\t\t<div class=\"elementor-element elementor-element-fa7aa83 elementor-widget elementor-widget-text-editor\" data-id=\"fa7aa83\" data-element_type=\"widget\" data-e-type=\"widget\" data-widget_type=\"text-editor.default\">\n\t\t\t\t<div class=\"elementor-widget-container\">\n\t\t\t\t\t\t\t\t\t<h2>Comenz\u00f3 en 1960 con un joven ordinario y una visi\u00f3n extraordinaria.<\/h2><p>Loren Cunningham lo describi\u00f3 como un sue\u00f1o de vigilia. Vio un mapa del mundo con olas que se estrellaban en los continentes, avanzando hacia el interior hasta cubrir todas las naciones. Loren dice: \"Mientras miraba, las olas se convert\u00edan en j\u00f3venes de todas las razas... hablando con la gente en las esquinas y fuera de los bares. Yendo de casa en casa. Ayudando a los solitarios y a los hambrientos. Cuidando de la gente all\u00e1 donde iban...\". Esa visi\u00f3n dada por Dios se ha hecho realidad. Desde el comienzo de Juventud con una Misi\u00f3n, miles de personas han participado en todo el mundo en el cumplimiento del mandamiento de Cristo de \"ir por todo el mundo y predicar el Evangelio a toda criatura\" (Marcos 16:15).<\/p>\t\t\t\t\t\t\t\t<\/div>\n\t\t\t\t<\/div>\n\t\t\t\t\t<\/div>\n\t\t<\/div>\n\t\t\t\t\t<\/div>\n\t\t<\/section>\n\t\t\t\t<section class=\"elementor-section elementor-top-section elementor-element elementor-element-446fc7f elementor-section-boxed elementor-section-height-default elementor-section-height-default\" data-id=\"446fc7f\" data-element_type=\"section\" data-e-type=\"section\" data-settings=\"{&quot;background_background&quot;:&quot;classic&quot;}\">\n\t\t\t\t\t\t<div class=\"elementor-container elementor-column-gap-default\">\n\t\t\t\t\t<div class=\"elementor-column elementor-col-50 elementor-top-column elementor-element elementor-element-c7a6a04\" data-id=\"c7a6a04\" data-element_type=\"column\" data-e-type=\"column\">\n\t\t\t<div class=\"elementor-widget-wrap elementor-element-populated\">\n\t\t\t\t\t\t<div class=\"elementor-element elementor-element-068de45 elementor-widget elementor-widget-image\" data-id=\"068de45\" data-element_type=\"widget\" data-e-type=\"widget\" data-widget_type=\"image.default\">\n\t\t\t\t<div class=\"elementor-widget-container\">\n\t\t\t\t\t\t\t\t\t\t\t\t\t\t\t<img loading=\"lazy\" decoding=\"async\" width=\"400\" height=\"267\" src=\"https:\/\/jucumlir.org\/wp-content\/uploads\/2019\/08\/i-PSDKpJJ-S.jpg-1.jpg\" class=\"attachment-large size-large wp-image-1515\" alt=\"\" srcset=\"https:\/\/jucumlir.org\/wp-content\/uploads\/2019\/08\/i-PSDKpJJ-S.jpg-1.jpg 400w, https:\/\/jucumlir.org\/wp-content\/uploads\/2019\/08\/i-PSDKpJJ-S.jpg-1-300x200.jpg 300w\" sizes=\"(max-width: 400px) 100vw, 400px\" \/>\t\t\t\t\t\t\t\t\t\t\t\t\t\t\t<\/div>\n\t\t\t\t<\/div>\n\t\t\t\t\t<\/div>\n\t\t<\/div>\n\t\t\t\t<div class=\"elementor-column elementor-col-50 elementor-top-column elementor-element elementor-element-644a846\" data-id=\"644a846\" data-element_type=\"column\" data-e-type=\"column\">\n\t\t\t<div class=\"elementor-widget-wrap elementor-element-populated\">\n\t\t\t\t\t\t<div class=\"elementor-element elementor-element-407d855 elementor-widget elementor-widget-text-editor\" data-id=\"407d855\" data-element_type=\"widget\" data-e-type=\"widget\" data-widget_type=\"text-editor.default\">\n\t\t\t\t<div class=\"elementor-widget-container\">\n\t\t\t\t\t\t\t\t\t<h2>Lo que creemos<\/h2><p class=\"translation-block\">Como JUCUM creemos que la Biblia es la palabra inspirada y autorizada de Dios, revelando que Jesucristo Es el Hijo de Dios, que el hombre es creado a la imagen de Dios. Que \u00c9l nos cre\u00f3 para tener vida eterna por medio de Jesucristo.<\/p><p>Que aunque todas las personas han pecado y est\u00e1n destituidas de la gloria de Dios, Dios ha hecho posible la salvaci\u00f3n mediante la muerte en la cruz y la resurrecci\u00f3n de Jesucristo.<\/p><p>Que el arrepentimiento, la fe, el amor y la obediencia son respuestas adecuadas a la iniciativa de gracia de Dios para con nosotros. Que Dios desea que todas las personas se salven y lleguen al conocimiento de la verdad.\u00a0<\/p><p><em>Y que el poder del Esp\u00edritu Santo se demuestra en nosotros y a trav\u00e9s de nosotros para el cumplimiento del \u00faltimo mandamiento de Cristo. &quot;Id por todo el mundo y predicad el Evangelio a toda criatura&quot;.<\/em> San Marcos 16:15<\/p>\t\t\t\t\t\t\t\t<\/div>\n\t\t\t\t<\/div>\n\t\t\t\t\t<\/div>\n\t\t<\/div>\n\t\t\t\t\t<\/div>\n\t\t<\/section>\n\t\t\t\t<section class=\"elementor-section elementor-top-section elementor-element elementor-element-e324ef3 elementor-section-boxed elementor-section-height-default elementor-section-height-default\" data-id=\"e324ef3\" data-element_type=\"section\" data-e-type=\"section\" data-settings=\"{&quot;background_background&quot;:&quot;classic&quot;}\">\n\t\t\t\t\t\t\t<div class=\"elementor-background-overlay\"><\/div>\n\t\t\t\t\t\t\t<div class=\"elementor-container elementor-column-gap-no\">\n\t\t\t\t\t<div class=\"elementor-column elementor-col-50 elementor-top-column elementor-element elementor-element-87bdf53\" data-id=\"87bdf53\" data-element_type=\"column\" data-e-type=\"column\">\n\t\t\t<div class=\"elementor-widget-wrap elementor-element-populated\">\n\t\t\t\t\t\t<div class=\"elementor-element elementor-element-2db9933 elementor-widget elementor-widget-text-editor\" data-id=\"2db9933\" data-element_type=\"widget\" data-e-type=\"widget\" data-widget_type=\"text-editor.default\">\n\t\t\t\t<div class=\"elementor-widget-container\">\n\t\t\t\t\t\t\t\t\t<h2>Una Carta Magna Cristiana<\/h2><p>La siguiente Carta Magna Cristiana, desarrollada en 1981 por los l\u00edderes de JUCUM, expresa lo que creemos son los derechos b\u00e1sicos del individuo impl\u00edcitos en el Evangelio. Porque Dios am\u00f3 tanto al mundo que dio a su propio Hijo, todos en la tierra tienen derecho a una oportunidad:<\/p><ul><li>Escucha el Evangelio de Jesucristo.<\/li><li>Disponer de la Biblia en su propia lengua.<\/li><li>Tener una hermandad cristiana cerca, para poder reunirse, tener ense\u00f1anza b\u00edblica, oraci\u00f3n y adoraci\u00f3n con otros en el Cuerpo de Cristo.<\/li><li>Disponer de una educaci\u00f3n cristiana.<\/li><li>Tener las necesidades b\u00e1sicas de la vida: comida, agua, ropa, refugio y atenci\u00f3n sanitaria.<\/li><li>Llevar una vida productiva de realizaci\u00f3n espiritual, mental, social, emocional y f\u00edsica.<\/li><\/ul>\t\t\t\t\t\t\t\t<\/div>\n\t\t\t\t<\/div>\n\t\t\t\t\t<\/div>\n\t\t<\/div>\n\t\t\t\t<div class=\"elementor-column elementor-col-50 elementor-top-column elementor-element elementor-element-fce5eed\" data-id=\"fce5eed\" data-element_type=\"column\" data-e-type=\"column\">\n\t\t\t<div class=\"elementor-widget-wrap elementor-element-populated\">\n\t\t\t\t\t\t<div class=\"elementor-element elementor-element-f09b50a elementor-widget elementor-widget-image\" data-id=\"f09b50a\" data-element_type=\"widget\" data-e-type=\"widget\" data-widget_type=\"image.default\">\n\t\t\t\t<div class=\"elementor-widget-container\">\n\t\t\t\t\t\t\t\t\t\t\t\t\t\t\t<img loading=\"lazy\" decoding=\"async\" width=\"800\" height=\"533\" src=\"https:\/\/jucumlir.org\/wp-content\/uploads\/2019\/08\/WhatsApp-Image-2019-02-19-at-2.17.46-PM-1024x682.jpeg\" class=\"attachment-large size-large wp-image-1516\" alt=\"\" srcset=\"https:\/\/jucumlir.org\/wp-content\/uploads\/2019\/08\/WhatsApp-Image-2019-02-19-at-2.17.46-PM-1024x682.jpeg 1024w, https:\/\/jucumlir.org\/wp-content\/uploads\/2019\/08\/WhatsApp-Image-2019-02-19-at-2.17.46-PM-300x200.jpeg 300w, https:\/\/jucumlir.org\/wp-content\/uploads\/2019\/08\/WhatsApp-Image-2019-02-19-at-2.17.46-PM-768x512.jpeg 768w, https:\/\/jucumlir.org\/wp-content\/uploads\/2019\/08\/WhatsApp-Image-2019-02-19-at-2.17.46-PM-600x400.jpeg 600w, https:\/\/jucumlir.org\/wp-content\/uploads\/2019\/08\/WhatsApp-Image-2019-02-19-at-2.17.46-PM.jpeg 1280w\" sizes=\"(max-width: 800px) 100vw, 800px\" \/>\t\t\t\t\t\t\t\t\t\t\t\t\t\t\t<\/div>\n\t\t\t\t<\/div>\n\t\t\t\t\t<\/div>\n\t\t<\/div>\n\t\t\t\t\t<\/div>\n\t\t<\/section>\n\t\t\t\t<\/div>","protected":false},"excerpt":{"rendered":"<p>Know God. Make Him known. Youth With A Mission is a global movement of Christians from many cultures, age groups, and Christian traditions, dedicated to serving Jesus throughout the world.\u00a0 Also known as YWAM, we unite in a common purpose to know God and to make Him known. Back when we began in 1960, our [&hellip;]<\/p>\n","protected":false},"author":5,"featured_media":1586,"parent":0,"menu_order":0,"comment_status":"closed","ping_status":"closed","template":"","meta":{"nf_dc_page":"","_monsterinsights_skip_tracking":false,"_monsterinsights_sitenote_active":false,"_monsterinsights_sitenote_note":"","_monsterinsights_sitenote_category":0,"footnotes":""},"class_list":["post-1054","page","type-page","status-publish","has-post-thumbnail","hentry"],"yoast_head":"<!-- This site is optimized with the Yoast SEO plugin v27.4 - https:\/\/yoast.com\/product\/yoast-seo-wordpress\/ -->\n<title>What is Ywam? - JUCUM LIBERIA - YWAM LIBERIA - COSTA RICA<\/title>\n<meta name=\"robots\" content=\"index, follow, max-snippet:-1, max-image-preview:large, max-video-preview:-1\" \/>\n<link rel=\"canonical\" href=\"https:\/\/jucumlir.org\/es\/what-is-ywam\/\" \/>\n<meta property=\"og:locale\" content=\"es_ES\" \/>\n<meta property=\"og:type\" content=\"article\" \/>\n<meta property=\"og:title\" content=\"What is Ywam? - JUCUM LIBERIA - YWAM LIBERIA - COSTA RICA\" \/>\n<meta property=\"og:description\" content=\"Know God. Make Him known. Youth With A Mission is a global movement of Christians from many cultures, age groups, and Christian traditions, dedicated to serving Jesus throughout the world.\u00a0 Also known as YWAM, we unite in a common purpose to know God and to make Him known. Back when we began in 1960, our [&hellip;]\" \/>\n<meta property=\"og:url\" content=\"https:\/\/jucumlir.org\/es\/what-is-ywam\/\" \/>\n<meta property=\"og:site_name\" content=\"JUCUM LIBERIA - YWAM LIBERIA - COSTA RICA\" \/>\n<meta property=\"article:publisher\" content=\"https:\/\/www.facebook.com\/JUCUMLIberia\/\" \/>\n<meta property=\"article:modified_time\" content=\"2024-10-01T10:10:40+00:00\" \/>\n<meta property=\"og:image\" content=\"https:\/\/jucumlir.org\/wp-content\/uploads\/2019\/08\/61660048_2393920827330687_2994060202128441344_o-1.jpg\" \/>\n\t<meta property=\"og:image:width\" content=\"1280\" \/>\n\t<meta property=\"og:image:height\" content=\"853\" \/>\n\t<meta property=\"og:image:type\" content=\"image\/jpeg\" \/>\n<meta name=\"twitter:card\" content=\"summary_large_image\" \/>\n<meta name=\"twitter:label1\" content=\"Est. reading time\" \/>\n\t<meta name=\"twitter:data1\" content=\"4 minutos\" \/>\n<script type=\"application\/ld+json\" class=\"yoast-schema-graph\">{\"@context\":\"https:\\\/\\\/schema.org\",\"@graph\":[{\"@type\":\"WebPage\",\"@id\":\"https:\\\/\\\/jucumlir.org\\\/what-is-ywam\\\/\",\"url\":\"https:\\\/\\\/jucumlir.org\\\/what-is-ywam\\\/\",\"name\":\"What is Ywam? - JUCUM LIBERIA - YWAM LIBERIA - COSTA RICA\",\"isPartOf\":{\"@id\":\"https:\\\/\\\/jucumlir.org\\\/#website\"},\"primaryImageOfPage\":{\"@id\":\"https:\\\/\\\/jucumlir.org\\\/what-is-ywam\\\/#primaryimage\"},\"image\":{\"@id\":\"https:\\\/\\\/jucumlir.org\\\/what-is-ywam\\\/#primaryimage\"},\"thumbnailUrl\":\"https:\\\/\\\/jucumlir.org\\\/wp-content\\\/uploads\\\/2019\\\/08\\\/61660048_2393920827330687_2994060202128441344_o-1.jpg\",\"datePublished\":\"2019-08-13T23:49:18+00:00\",\"dateModified\":\"2024-10-01T10:10:40+00:00\",\"breadcrumb\":{\"@id\":\"https:\\\/\\\/jucumlir.org\\\/what-is-ywam\\\/#breadcrumb\"},\"inLanguage\":\"es-CR\",\"potentialAction\":[{\"@type\":\"ReadAction\",\"target\":[\"https:\\\/\\\/jucumlir.org\\\/what-is-ywam\\\/\"]}]},{\"@type\":\"ImageObject\",\"inLanguage\":\"es-CR\",\"@id\":\"https:\\\/\\\/jucumlir.org\\\/what-is-ywam\\\/#primaryimage\",\"url\":\"https:\\\/\\\/jucumlir.org\\\/wp-content\\\/uploads\\\/2019\\\/08\\\/61660048_2393920827330687_2994060202128441344_o-1.jpg\",\"contentUrl\":\"https:\\\/\\\/jucumlir.org\\\/wp-content\\\/uploads\\\/2019\\\/08\\\/61660048_2393920827330687_2994060202128441344_o-1.jpg\",\"width\":1280,\"height\":853},{\"@type\":\"BreadcrumbList\",\"@id\":\"https:\\\/\\\/jucumlir.org\\\/what-is-ywam\\\/#breadcrumb\",\"itemListElement\":[{\"@type\":\"ListItem\",\"position\":1,\"name\":\"Home\",\"item\":\"https:\\\/\\\/jucumlir.org\\\/\"},{\"@type\":\"ListItem\",\"position\":2,\"name\":\"What is Ywam?\"}]},{\"@type\":\"WebSite\",\"@id\":\"https:\\\/\\\/jucumlir.org\\\/#website\",\"url\":\"https:\\\/\\\/jucumlir.org\\\/\",\"name\":\"Ywam Liberia\",\"description\":\"Know God and Make Him Known.\",\"publisher\":{\"@id\":\"https:\\\/\\\/jucumlir.org\\\/#organization\"},\"potentialAction\":[{\"@type\":\"SearchAction\",\"target\":{\"@type\":\"EntryPoint\",\"urlTemplate\":\"https:\\\/\\\/jucumlir.org\\\/?s={search_term_string}\"},\"query-input\":{\"@type\":\"PropertyValueSpecification\",\"valueRequired\":true,\"valueName\":\"search_term_string\"}}],\"inLanguage\":\"es-CR\"},{\"@type\":\"Organization\",\"@id\":\"https:\\\/\\\/jucumlir.org\\\/#organization\",\"name\":\"Ywam Liberia\",\"url\":\"https:\\\/\\\/jucumlir.org\\\/\",\"logo\":{\"@type\":\"ImageObject\",\"inLanguage\":\"es-CR\",\"@id\":\"https:\\\/\\\/jucumlir.org\\\/#\\\/schema\\\/logo\\\/image\\\/\",\"url\":\"https:\\\/\\\/jucumlir.org\\\/wp-content\\\/uploads\\\/2019\\\/08\\\/45350719_2086477328075040_748826671884271616_o.jpg\",\"contentUrl\":\"https:\\\/\\\/jucumlir.org\\\/wp-content\\\/uploads\\\/2019\\\/08\\\/45350719_2086477328075040_748826671884271616_o.jpg\",\"width\":1867,\"height\":1867,\"caption\":\"Ywam Liberia\"},\"image\":{\"@id\":\"https:\\\/\\\/jucumlir.org\\\/#\\\/schema\\\/logo\\\/image\\\/\"},\"sameAs\":[\"https:\\\/\\\/www.facebook.com\\\/JUCUMLIberia\\\/\",\"https:\\\/\\\/www.instagram.com\\\/jucumliberia\\\/\",\"https:\\\/\\\/www.youtube.com\\\/channel\\\/UCibnlzZYe8iw8LQFanMTK2g\"]}]}<\/script>\n<!-- \/ Yoast SEO plugin. -->","yoast_head_json":{"title":"What is Ywam? - JUCUM LIBERIA - YWAM LIBERIA - COSTA RICA","robots":{"index":"index","follow":"follow","max-snippet":"max-snippet:-1","max-image-preview":"max-image-preview:large","max-video-preview":"max-video-preview:-1"},"canonical":"https:\/\/jucumlir.org\/es\/what-is-ywam\/","og_locale":"es_ES","og_type":"article","og_title":"What is Ywam? - JUCUM LIBERIA - YWAM LIBERIA - COSTA RICA","og_description":"Know God. Make Him known. Youth With A Mission is a global movement of Christians from many cultures, age groups, and Christian traditions, dedicated to serving Jesus throughout the world.\u00a0 Also known as YWAM, we unite in a common purpose to know God and to make Him known. Back when we began in 1960, our [&hellip;]","og_url":"https:\/\/jucumlir.org\/es\/what-is-ywam\/","og_site_name":"JUCUM LIBERIA - YWAM LIBERIA - COSTA RICA","article_publisher":"https:\/\/www.facebook.com\/JUCUMLIberia\/","article_modified_time":"2024-10-01T10:10:40+00:00","og_image":[{"width":1280,"height":853,"url":"https:\/\/jucumlir.org\/wp-content\/uploads\/2019\/08\/61660048_2393920827330687_2994060202128441344_o-1.jpg","type":"image\/jpeg"}],"twitter_card":"summary_large_image","twitter_misc":{"Est. reading time":"4 minutos"},"schema":{"@context":"https:\/\/schema.org","@graph":[{"@type":"WebPage","@id":"https:\/\/jucumlir.org\/what-is-ywam\/","url":"https:\/\/jucumlir.org\/what-is-ywam\/","name":"What is Ywam? - JUCUM LIBERIA - YWAM LIBERIA - COSTA RICA","isPartOf":{"@id":"https:\/\/jucumlir.org\/#website"},"primaryImageOfPage":{"@id":"https:\/\/jucumlir.org\/what-is-ywam\/#primaryimage"},"image":{"@id":"https:\/\/jucumlir.org\/what-is-ywam\/#primaryimage"},"thumbnailUrl":"https:\/\/jucumlir.org\/wp-content\/uploads\/2019\/08\/61660048_2393920827330687_2994060202128441344_o-1.jpg","datePublished":"2019-08-13T23:49:18+00:00","dateModified":"2024-10-01T10:10:40+00:00","breadcrumb":{"@id":"https:\/\/jucumlir.org\/what-is-ywam\/#breadcrumb"},"inLanguage":"es-CR","potentialAction":[{"@type":"ReadAction","target":["https:\/\/jucumlir.org\/what-is-ywam\/"]}]},{"@type":"ImageObject","inLanguage":"es-CR","@id":"https:\/\/jucumlir.org\/what-is-ywam\/#primaryimage","url":"https:\/\/jucumlir.org\/wp-content\/uploads\/2019\/08\/61660048_2393920827330687_2994060202128441344_o-1.jpg","contentUrl":"https:\/\/jucumlir.org\/wp-content\/uploads\/2019\/08\/61660048_2393920827330687_2994060202128441344_o-1.jpg","width":1280,"height":853},{"@type":"BreadcrumbList","@id":"https:\/\/jucumlir.org\/what-is-ywam\/#breadcrumb","itemListElement":[{"@type":"ListItem","position":1,"name":"Home","item":"https:\/\/jucumlir.org\/"},{"@type":"ListItem","position":2,"name":"What is Ywam?"}]},{"@type":"WebSite","@id":"https:\/\/jucumlir.org\/#website","url":"https:\/\/jucumlir.org\/","name":"JUCUM Liberia","description":"Know God and Make Him Known.","publisher":{"@id":"https:\/\/jucumlir.org\/#organization"},"potentialAction":[{"@type":"SearchAction","target":{"@type":"EntryPoint","urlTemplate":"https:\/\/jucumlir.org\/?s={search_term_string}"},"query-input":{"@type":"PropertyValueSpecification","valueRequired":true,"valueName":"search_term_string"}}],"inLanguage":"es-CR"},{"@type":"Organization","@id":"https:\/\/jucumlir.org\/#organization","name":"JUCUM Liberia","url":"https:\/\/jucumlir.org\/","logo":{"@type":"ImageObject","inLanguage":"es-CR","@id":"https:\/\/jucumlir.org\/#\/schema\/logo\/image\/","url":"https:\/\/jucumlir.org\/wp-content\/uploads\/2019\/08\/45350719_2086477328075040_748826671884271616_o.jpg","contentUrl":"https:\/\/jucumlir.org\/wp-content\/uploads\/2019\/08\/45350719_2086477328075040_748826671884271616_o.jpg","width":1867,"height":1867,"caption":"Ywam Liberia"},"image":{"@id":"https:\/\/jucumlir.org\/#\/schema\/logo\/image\/"},"sameAs":["https:\/\/www.facebook.com\/JUCUMLIberia\/","https:\/\/www.instagram.com\/jucumliberia\/","https:\/\/www.youtube.com\/channel\/UCibnlzZYe8iw8LQFanMTK2g"]}]}},"publishpress_future_action":{"enabled":false,"date":"2026-05-01 18:17:51","action":"change-status","newStatus":"draft","terms":[],"taxonomy":"","extraData":[]},"publishpress_future_workflow_manual_trigger":{"enabledWorkflows":[]},"_links":{"self":[{"href":"https:\/\/jucumlir.org\/es\/wp-json\/wp\/v2\/pages\/1054","targetHints":{"allow":["GET"]}}],"collection":[{"href":"https:\/\/jucumlir.org\/es\/wp-json\/wp\/v2\/pages"}],"about":[{"href":"https:\/\/jucumlir.org\/es\/wp-json\/wp\/v2\/types\/page"}],"author":[{"embeddable":true,"href":"https:\/\/jucumlir.org\/es\/wp-json\/wp\/v2\/users\/5"}],"replies":[{"embeddable":true,"href":"https:\/\/jucumlir.org\/es\/wp-json\/wp\/v2\/comments?post=1054"}],"version-history":[{"count":18,"href":"https:\/\/jucumlir.org\/es\/wp-json\/wp\/v2\/pages\/1054\/revisions"}],"predecessor-version":[{"id":4826,"href":"https:\/\/jucumlir.org\/es\/wp-json\/wp\/v2\/pages\/1054\/revisions\/4826"}],"wp:featuredmedia":[{"embeddable":true,"href":"https:\/\/jucumlir.org\/es\/wp-json\/wp\/v2\/media\/1586"}],"wp:attachment":[{"href":"https:\/\/jucumlir.org\/es\/wp-json\/wp\/v2\/media?parent=1054"}],"curies":[{"name":"wp","href":"https:\/\/api.w.org\/{rel}","templated":true}]}}