{"id":1124,"date":"2019-08-14T01:25:05","date_gmt":"2019-08-14T01:25:05","guid":{"rendered":"https:\/\/jucumlir.org\/?page_id=1124"},"modified":"2024-10-01T09:48:39","modified_gmt":"2024-10-01T09:48:39","slug":"sports-camp","status":"publish","type":"page","link":"https:\/\/jucumlir.org\/es\/projects\/sports-camp\/","title":{"rendered":"Ministerio del Deporte"},"content":{"rendered":"<div data-elementor-type=\"wp-post\" data-elementor-id=\"1124\" class=\"elementor elementor-1124\" data-elementor-post-type=\"page\">\n\t\t\t\t\t\t<section class=\"elementor-section elementor-top-section elementor-element elementor-element-d787f49 elementor-section-boxed elementor-section-height-default elementor-section-height-default\" data-id=\"d787f49\" data-element_type=\"section\" data-e-type=\"section\" data-settings=\"{&quot;background_background&quot;:&quot;classic&quot;}\">\n\t\t\t\t\t\t\t<div class=\"elementor-background-overlay\"><\/div>\n\t\t\t\t\t\t\t<div class=\"elementor-container elementor-column-gap-no\">\n\t\t\t\t\t<div class=\"elementor-column elementor-col-100 elementor-top-column elementor-element elementor-element-fbabca0\" data-id=\"fbabca0\" data-element_type=\"column\" data-e-type=\"column\">\n\t\t\t<div class=\"elementor-widget-wrap elementor-element-populated\">\n\t\t\t\t\t\t<div class=\"elementor-element elementor-element-911e099 elementor-widget elementor-widget-heading\" data-id=\"911e099\" data-element_type=\"widget\" data-e-type=\"widget\" data-widget_type=\"heading.default\">\n\t\t\t\t<div class=\"elementor-widget-container\">\n\t\t\t\t\t<h1 class=\"elementor-heading-title elementor-size-default\">We want to share God's love in any way possible and one of them is through sports.<\/h1>\t\t\t\t<\/div>\n\t\t\t\t<\/div>\n\t\t\t\t<div class=\"elementor-element elementor-element-831c515 elementor-widget elementor-widget-text-editor\" data-id=\"831c515\" data-element_type=\"widget\" data-e-type=\"widget\" data-widget_type=\"text-editor.default\">\n\t\t\t\t<div class=\"elementor-widget-container\">\n\t\t\t\t\t\t\t\t\t<p>Our passion is to serve people by showing the father&#8217;s love to each person and letting them know that they are valuable and important to God.<\/p>\t\t\t\t\t\t\t\t<\/div>\n\t\t\t\t<\/div>\n\t\t\t\t\t<\/div>\n\t\t<\/div>\n\t\t\t\t\t<\/div>\n\t\t<\/section>\n\t\t\t\t<section class=\"elementor-section elementor-top-section elementor-element elementor-element-8b6e54a elementor-section-boxed elementor-section-height-default elementor-section-height-default\" data-id=\"8b6e54a\" data-element_type=\"section\" data-e-type=\"section\" data-settings=\"{&quot;background_background&quot;:&quot;classic&quot;}\">\n\t\t\t\t\t\t<div class=\"elementor-container elementor-column-gap-default\">\n\t\t\t\t\t<div class=\"elementor-column elementor-col-100 elementor-top-column elementor-element elementor-element-6809911\" data-id=\"6809911\" data-element_type=\"column\" data-e-type=\"column\">\n\t\t\t<div class=\"elementor-widget-wrap elementor-element-populated\">\n\t\t\t\t\t\t<div class=\"elementor-element elementor-element-7061a4f0 elementor-widget elementor-widget-heading\" data-id=\"7061a4f0\" data-element_type=\"widget\" data-e-type=\"widget\" data-widget_type=\"heading.default\">\n\t\t\t\t<div class=\"elementor-widget-container\">\n\t\t\t\t\t<h2 class=\"elementor-heading-title elementor-size-default\">SPORTS MINISTRY<\/h2>\t\t\t\t<\/div>\n\t\t\t\t<\/div>\n\t\t\t\t<div class=\"elementor-element elementor-element-6c2d53b2 elementor-widget elementor-widget-gallery\" data-id=\"6c2d53b2\" data-element_type=\"widget\" data-e-type=\"widget\" data-settings=\"{&quot;columns&quot;:&quot;3&quot;,&quot;columns_tablet&quot;:&quot;3&quot;,&quot;gap&quot;:{&quot;unit&quot;:&quot;px&quot;,&quot;size&quot;:&quot;25&quot;,&quot;sizes&quot;:[]},&quot;aspect_ratio&quot;:&quot;1:1&quot;,&quot;lazyload&quot;:&quot;yes&quot;,&quot;gallery_layout&quot;:&quot;grid&quot;,&quot;columns_mobile&quot;:1,&quot;gap_tablet&quot;:{&quot;unit&quot;:&quot;px&quot;,&quot;size&quot;:10,&quot;sizes&quot;:[]},&quot;gap_mobile&quot;:{&quot;unit&quot;:&quot;px&quot;,&quot;size&quot;:10,&quot;sizes&quot;:[]},&quot;link_to&quot;:&quot;file&quot;,&quot;overlay_background&quot;:&quot;yes&quot;,&quot;content_hover_animation&quot;:&quot;fade-in&quot;}\" data-widget_type=\"gallery.default\">\n\t\t\t\t<div class=\"elementor-widget-container\">\n\t\t\t\t\t\t\t<div class=\"elementor-gallery__container\">\n\t\t\t\t\t\t\t<a class=\"e-gallery-item elementor-gallery-item elementor-animated-content\" href=\"https:\/\/jucumlir.org\/wp-content\/uploads\/2022\/09\/DSC0552-2-scaled.jpg\" data-elementor-open-lightbox=\"yes\" data-elementor-lightbox-slideshow=\"6c2d53b2\" data-e-action-hash=\"#elementor-action%3Aaction%3Dlightbox%26settings%3DeyJpZCI6MzQ3NywidXJsIjoiaHR0cHM6XC9cL2p1Y3VtbGlyLm9yZ1wvd3AtY29udGVudFwvdXBsb2Fkc1wvMjAyMlwvMDlcL0RTQzA1NTItMi1zY2FsZWQuanBnIiwic2xpZGVzaG93IjoiNmMyZDUzYjIifQ%3D%3D\">\n\t\t\t\t\t<div class=\"e-gallery-image elementor-gallery-item__image\" data-thumbnail=\"https:\/\/jucumlir.org\/wp-content\/uploads\/2022\/09\/DSC0552-2-scaled.jpg\" data-width=\"2560\" data-height=\"1440\" aria-label=\"\" role=\"img\" ><\/div>\n\t\t\t\t\t\t\t\t\t\t\t<div class=\"elementor-gallery-item__overlay\"><\/div>\n\t\t\t\t\t\t\t\t\t\t\t\t\t\t<\/a>\n\t\t\t\t\t\t\t<a class=\"e-gallery-item elementor-gallery-item elementor-animated-content\" href=\"https:\/\/jucumlir.org\/wp-content\/uploads\/2022\/09\/V9A0198.jpg\" data-elementor-open-lightbox=\"yes\" data-elementor-lightbox-slideshow=\"6c2d53b2\" data-e-action-hash=\"#elementor-action%3Aaction%3Dlightbox%26settings%3DeyJpZCI6MzQ1NywidXJsIjoiaHR0cHM6XC9cL2p1Y3VtbGlyLm9yZ1wvd3AtY29udGVudFwvdXBsb2Fkc1wvMjAyMlwvMDlcL1Y5QTAxOTguanBnIiwic2xpZGVzaG93IjoiNmMyZDUzYjIifQ%3D%3D\">\n\t\t\t\t\t<div class=\"e-gallery-image elementor-gallery-item__image\" data-thumbnail=\"https:\/\/jucumlir.org\/wp-content\/uploads\/2022\/09\/V9A0198.jpg\" data-width=\"1920\" data-height=\"1280\" aria-label=\"\" role=\"img\" ><\/div>\n\t\t\t\t\t\t\t\t\t\t\t<div class=\"elementor-gallery-item__overlay\"><\/div>\n\t\t\t\t\t\t\t\t\t\t\t\t\t\t<\/a>\n\t\t\t\t\t\t\t<a class=\"e-gallery-item elementor-gallery-item elementor-animated-content\" href=\"https:\/\/jucumlir.org\/wp-content\/uploads\/2022\/09\/DSC0375.jpg\" data-elementor-open-lightbox=\"yes\" data-elementor-lightbox-slideshow=\"6c2d53b2\" data-e-action-hash=\"#elementor-action%3Aaction%3Dlightbox%26settings%3DeyJpZCI6MzQ4MywidXJsIjoiaHR0cHM6XC9cL2p1Y3VtbGlyLm9yZ1wvd3AtY29udGVudFwvdXBsb2Fkc1wvMjAyMlwvMDlcL0RTQzAzNzUuanBnIiwic2xpZGVzaG93IjoiNmMyZDUzYjIifQ%3D%3D\">\n\t\t\t\t\t<div class=\"e-gallery-image elementor-gallery-item__image\" data-thumbnail=\"https:\/\/jucumlir.org\/wp-content\/uploads\/2022\/09\/DSC0375.jpg\" data-width=\"0\" data-height=\"0\" aria-label=\"\" role=\"img\" ><\/div>\n\t\t\t\t\t\t\t\t\t\t\t<div class=\"elementor-gallery-item__overlay\"><\/div>\n\t\t\t\t\t\t\t\t\t\t\t\t\t\t<\/a>\n\t\t\t\t\t\t\t<a class=\"e-gallery-item elementor-gallery-item elementor-animated-content\" href=\"https:\/\/jucumlir.org\/wp-content\/uploads\/2022\/09\/DSC0713-scaled.jpg\" data-elementor-open-lightbox=\"yes\" data-elementor-lightbox-slideshow=\"6c2d53b2\" data-e-action-hash=\"#elementor-action%3Aaction%3Dlightbox%26settings%3DeyJpZCI6MzQ5MCwidXJsIjoiaHR0cHM6XC9cL2p1Y3VtbGlyLm9yZ1wvd3AtY29udGVudFwvdXBsb2Fkc1wvMjAyMlwvMDlcL0RTQzA3MTMtc2NhbGVkLmpwZyIsInNsaWRlc2hvdyI6IjZjMmQ1M2IyIn0%3D\">\n\t\t\t\t\t<div class=\"e-gallery-image elementor-gallery-item__image\" data-thumbnail=\"https:\/\/jucumlir.org\/wp-content\/uploads\/2022\/09\/DSC0713-scaled.jpg\" data-width=\"2560\" data-height=\"1525\" aria-label=\"\" role=\"img\" ><\/div>\n\t\t\t\t\t\t\t\t\t\t\t<div class=\"elementor-gallery-item__overlay\"><\/div>\n\t\t\t\t\t\t\t\t\t\t\t\t\t\t<\/a>\n\t\t\t\t\t\t\t<a class=\"e-gallery-item elementor-gallery-item elementor-animated-content\" href=\"https:\/\/jucumlir.org\/wp-content\/uploads\/2022\/09\/DSC0723-scaled.jpg\" data-elementor-open-lightbox=\"yes\" data-elementor-lightbox-slideshow=\"6c2d53b2\" data-e-action-hash=\"#elementor-action%3Aaction%3Dlightbox%26settings%3DeyJpZCI6MzQ5NCwidXJsIjoiaHR0cHM6XC9cL2p1Y3VtbGlyLm9yZ1wvd3AtY29udGVudFwvdXBsb2Fkc1wvMjAyMlwvMDlcL0RTQzA3MjMtc2NhbGVkLmpwZyIsInNsaWRlc2hvdyI6IjZjMmQ1M2IyIn0%3D\">\n\t\t\t\t\t<div class=\"e-gallery-image elementor-gallery-item__image\" data-thumbnail=\"https:\/\/jucumlir.org\/wp-content\/uploads\/2022\/09\/DSC0723-scaled.jpg\" data-width=\"2110\" data-height=\"2560\" aria-label=\"\" role=\"img\" ><\/div>\n\t\t\t\t\t\t\t\t\t\t\t<div class=\"elementor-gallery-item__overlay\"><\/div>\n\t\t\t\t\t\t\t\t\t\t\t\t\t\t<\/a>\n\t\t\t\t\t\t\t<a class=\"e-gallery-item elementor-gallery-item elementor-animated-content\" href=\"https:\/\/jucumlir.org\/wp-content\/uploads\/2022\/09\/IMG_3551-scaled.jpg\" data-elementor-open-lightbox=\"yes\" data-elementor-lightbox-slideshow=\"6c2d53b2\" data-e-action-hash=\"#elementor-action%3Aaction%3Dlightbox%26settings%3DeyJpZCI6MzUwMSwidXJsIjoiaHR0cHM6XC9cL2p1Y3VtbGlyLm9yZ1wvd3AtY29udGVudFwvdXBsb2Fkc1wvMjAyMlwvMDlcL0lNR18zNTUxLXNjYWxlZC5qcGciLCJzbGlkZXNob3ciOiI2YzJkNTNiMiJ9\">\n\t\t\t\t\t<div class=\"e-gallery-image elementor-gallery-item__image\" data-thumbnail=\"https:\/\/jucumlir.org\/wp-content\/uploads\/2022\/09\/IMG_3551-scaled.jpg\" data-width=\"2560\" data-height=\"1440\" aria-label=\"\" role=\"img\" ><\/div>\n\t\t\t\t\t\t\t\t\t\t\t<div class=\"elementor-gallery-item__overlay\"><\/div>\n\t\t\t\t\t\t\t\t\t\t\t\t\t\t<\/a>\n\t\t\t\t\t\t\t<a class=\"e-gallery-item elementor-gallery-item elementor-animated-content\" href=\"https:\/\/jucumlir.org\/wp-content\/uploads\/2022\/09\/IMG_3547-scaled.jpg\" data-elementor-open-lightbox=\"yes\" data-elementor-lightbox-slideshow=\"6c2d53b2\" data-e-action-hash=\"#elementor-action%3Aaction%3Dlightbox%26settings%3DeyJpZCI6MzUwMCwidXJsIjoiaHR0cHM6XC9cL2p1Y3VtbGlyLm9yZ1wvd3AtY29udGVudFwvdXBsb2Fkc1wvMjAyMlwvMDlcL0lNR18zNTQ3LXNjYWxlZC5qcGciLCJzbGlkZXNob3ciOiI2YzJkNTNiMiJ9\">\n\t\t\t\t\t<div class=\"e-gallery-image elementor-gallery-item__image\" data-thumbnail=\"https:\/\/jucumlir.org\/wp-content\/uploads\/2022\/09\/IMG_3547-scaled.jpg\" data-width=\"2560\" data-height=\"1438\" aria-label=\"\" role=\"img\" ><\/div>\n\t\t\t\t\t\t\t\t\t\t\t<div class=\"elementor-gallery-item__overlay\"><\/div>\n\t\t\t\t\t\t\t\t\t\t\t\t\t\t<\/a>\n\t\t\t\t\t\t\t<a class=\"e-gallery-item elementor-gallery-item elementor-animated-content\" href=\"https:\/\/jucumlir.org\/wp-content\/uploads\/2022\/09\/DSC0730.jpg\" data-elementor-open-lightbox=\"yes\" data-elementor-lightbox-slideshow=\"6c2d53b2\" data-e-action-hash=\"#elementor-action%3Aaction%3Dlightbox%26settings%3DeyJpZCI6MzQ5NSwidXJsIjoiaHR0cHM6XC9cL2p1Y3VtbGlyLm9yZ1wvd3AtY29udGVudFwvdXBsb2Fkc1wvMjAyMlwvMDlcL0RTQzA3MzAuanBnIiwic2xpZGVzaG93IjoiNmMyZDUzYjIifQ%3D%3D\">\n\t\t\t\t\t<div class=\"e-gallery-image elementor-gallery-item__image\" data-thumbnail=\"https:\/\/jucumlir.org\/wp-content\/uploads\/2022\/09\/DSC0730.jpg\" data-width=\"0\" data-height=\"0\" aria-label=\"\" role=\"img\" ><\/div>\n\t\t\t\t\t\t\t\t\t\t\t<div class=\"elementor-gallery-item__overlay\"><\/div>\n\t\t\t\t\t\t\t\t\t\t\t\t\t\t<\/a>\n\t\t\t\t\t\t\t<a class=\"e-gallery-item elementor-gallery-item elementor-animated-content\" href=\"https:\/\/jucumlir.org\/wp-content\/uploads\/2022\/09\/IMG_1924-scaled.jpg\" data-elementor-open-lightbox=\"yes\" data-elementor-lightbox-slideshow=\"6c2d53b2\" data-e-action-hash=\"#elementor-action%3Aaction%3Dlightbox%26settings%3DeyJpZCI6MzQ5OSwidXJsIjoiaHR0cHM6XC9cL2p1Y3VtbGlyLm9yZ1wvd3AtY29udGVudFwvdXBsb2Fkc1wvMjAyMlwvMDlcL0lNR18xOTI0LXNjYWxlZC5qcGciLCJzbGlkZXNob3ciOiI2YzJkNTNiMiJ9\">\n\t\t\t\t\t<div class=\"e-gallery-image elementor-gallery-item__image\" data-thumbnail=\"https:\/\/jucumlir.org\/wp-content\/uploads\/2022\/09\/IMG_1924-scaled.jpg\" data-width=\"2560\" data-height=\"1440\" aria-label=\"\" role=\"img\" ><\/div>\n\t\t\t\t\t\t\t\t\t\t\t<div class=\"elementor-gallery-item__overlay\"><\/div>\n\t\t\t\t\t\t\t\t\t\t\t\t\t\t<\/a>\n\t\t\t\t\t\t\t<a class=\"e-gallery-item elementor-gallery-item elementor-animated-content\" href=\"https:\/\/jucumlir.org\/wp-content\/uploads\/2022\/09\/V9A0505.jpg\" data-elementor-open-lightbox=\"yes\" data-elementor-lightbox-slideshow=\"6c2d53b2\" data-e-action-hash=\"#elementor-action%3Aaction%3Dlightbox%26settings%3DeyJpZCI6MzUwMywidXJsIjoiaHR0cHM6XC9cL2p1Y3VtbGlyLm9yZ1wvd3AtY29udGVudFwvdXBsb2Fkc1wvMjAyMlwvMDlcL1Y5QTA1MDUuanBnIiwic2xpZGVzaG93IjoiNmMyZDUzYjIifQ%3D%3D\">\n\t\t\t\t\t<div class=\"e-gallery-image elementor-gallery-item__image\" data-thumbnail=\"https:\/\/jucumlir.org\/wp-content\/uploads\/2022\/09\/V9A0505.jpg\" data-width=\"1920\" data-height=\"1280\" aria-label=\"\" role=\"img\" ><\/div>\n\t\t\t\t\t\t\t\t\t\t\t<div class=\"elementor-gallery-item__overlay\"><\/div>\n\t\t\t\t\t\t\t\t\t\t\t\t\t\t<\/a>\n\t\t\t\t\t\t\t<a class=\"e-gallery-item elementor-gallery-item elementor-animated-content\" href=\"https:\/\/jucumlir.org\/wp-content\/uploads\/2022\/09\/IMG_1923-1-scaled.jpg\" data-elementor-open-lightbox=\"yes\" data-elementor-lightbox-slideshow=\"6c2d53b2\" data-e-action-hash=\"#elementor-action%3Aaction%3Dlightbox%26settings%3DeyJpZCI6MzUwMiwidXJsIjoiaHR0cHM6XC9cL2p1Y3VtbGlyLm9yZ1wvd3AtY29udGVudFwvdXBsb2Fkc1wvMjAyMlwvMDlcL0lNR18xOTIzLTEtc2NhbGVkLmpwZyIsInNsaWRlc2hvdyI6IjZjMmQ1M2IyIn0%3D\">\n\t\t\t\t\t<div class=\"e-gallery-image elementor-gallery-item__image\" data-thumbnail=\"https:\/\/jucumlir.org\/wp-content\/uploads\/2022\/09\/IMG_1923-1-scaled.jpg\" data-width=\"2560\" data-height=\"1525\" aria-label=\"\" role=\"img\" ><\/div>\n\t\t\t\t\t\t\t\t\t\t\t<div class=\"elementor-gallery-item__overlay\"><\/div>\n\t\t\t\t\t\t\t\t\t\t\t\t\t\t<\/a>\n\t\t\t\t\t\t\t<a class=\"e-gallery-item elementor-gallery-item elementor-animated-content\" href=\"https:\/\/jucumlir.org\/wp-content\/uploads\/2022\/09\/V9A1102.jpg\" data-elementor-open-lightbox=\"yes\" data-elementor-lightbox-slideshow=\"6c2d53b2\" data-e-action-hash=\"#elementor-action%3Aaction%3Dlightbox%26settings%3DeyJpZCI6MzUwNCwidXJsIjoiaHR0cHM6XC9cL2p1Y3VtbGlyLm9yZ1wvd3AtY29udGVudFwvdXBsb2Fkc1wvMjAyMlwvMDlcL1Y5QTExMDIuanBnIiwic2xpZGVzaG93IjoiNmMyZDUzYjIifQ%3D%3D\">\n\t\t\t\t\t<div class=\"e-gallery-image elementor-gallery-item__image\" data-thumbnail=\"https:\/\/jucumlir.org\/wp-content\/uploads\/2022\/09\/V9A1102.jpg\" data-width=\"1920\" data-height=\"1280\" aria-label=\"\" role=\"img\" ><\/div>\n\t\t\t\t\t\t\t\t\t\t\t<div class=\"elementor-gallery-item__overlay\"><\/div>\n\t\t\t\t\t\t\t\t\t\t\t\t\t\t<\/a>\n\t\t\t\t\t<\/div>\n\t\t\t\t\t<\/div>\n\t\t\t\t<\/div>\n\t\t\t\t\t<\/div>\n\t\t<\/div>\n\t\t\t\t\t<\/div>\n\t\t<\/section>\n\t\t\t\t<section class=\"elementor-section elementor-top-section elementor-element elementor-element-1741540 elementor-section-boxed elementor-section-height-default elementor-section-height-default\" data-id=\"1741540\" data-element_type=\"section\" data-e-type=\"section\">\n\t\t\t\t\t\t<div class=\"elementor-container elementor-column-gap-default\">\n\t\t\t\t\t<div class=\"elementor-column elementor-col-100 elementor-top-column elementor-element elementor-element-b55fb5a\" data-id=\"b55fb5a\" data-element_type=\"column\" data-e-type=\"column\">\n\t\t\t<div class=\"elementor-widget-wrap elementor-element-populated\">\n\t\t\t\t\t\t<div class=\"elementor-element elementor-element-6acbf39 elementor-widget elementor-widget-text-editor\" data-id=\"6acbf39\" data-element_type=\"widget\" data-e-type=\"widget\" data-widget_type=\"text-editor.default\">\n\t\t\t\t<div class=\"elementor-widget-container\">\n\t\t\t\t\t\t\t\t\t<h2><strong>God has called us to love people \u202f<\/strong>\u00a0<\/h2><p>We have seen that one of the best ways to reach the new generations is through sports where we want to enjoy sports with them and at the same time share God&#8217;s love with them.<\/p><p><br \/>Constantemente estamos trabajando en comunidades donde hay mucha pobreza y los ni\u00f1os a veces no tienen la posibilidad de jugar o hacer alg\u00fan deporte, lo que queremos hacer es facilitarles el hacerlo y as\u00ed compartir el amor. de Dios nuestro padre con ellos.<\/p><p>en estas comunidades nuestro plan es ense\u00f1ar diferentes deportes a los ni\u00f1os como baloncesto, baseball, skate, pero en Costa Rica el deporte m\u00e1s popular es el f\u00fatbol por lo que nunca debes perderte un partido de f\u00fatbol con ellos.<\/p>\t\t\t\t\t\t\t\t<\/div>\n\t\t\t\t<\/div>\n\t\t\t\t<div class=\"elementor-element elementor-element-583d397 elementor-align-center elementor-widget elementor-widget-button\" data-id=\"583d397\" data-element_type=\"widget\" data-e-type=\"widget\" data-widget_type=\"button.default\">\n\t\t\t\t<div class=\"elementor-widget-container\">\n\t\t\t\t\t\t\t\t\t<div class=\"elementor-button-wrapper\">\n\t\t\t\t\t<a class=\"elementor-button elementor-button-link elementor-size-md\" href=\"https:\/\/jucumlir.org\/es\/join-us\/\">\n\t\t\t\t\t\t<span class=\"elementor-button-content-wrapper\">\n\t\t\t\t\t\t\t\t\t<span class=\"elementor-button-text\">\u00danete a nosotros<\/span>\n\t\t\t\t\t<\/span>\n\t\t\t\t\t<\/a>\n\t\t\t\t<\/div>\n\t\t\t\t\t\t\t\t<\/div>\n\t\t\t\t<\/div>\n\t\t\t\t\t<\/div>\n\t\t<\/div>\n\t\t\t\t\t<\/div>\n\t\t<\/section>\n\t\t\t\t<\/div>","protected":false},"excerpt":{"rendered":"<p>We want to share God&#8217;s love in any way possible and one of them is through sports. Our passion is to serve people by showing the father&#8217;s love to each person and letting them know that they are valuable and important to God. SPORTS MINISTRY God has called us to love people \u202f\u00a0 We have [&hellip;]<\/p>\n","protected":false},"author":5,"featured_media":0,"parent":1063,"menu_order":0,"comment_status":"closed","ping_status":"closed","template":"","meta":{"nf_dc_page":"","_monsterinsights_skip_tracking":false,"_monsterinsights_sitenote_active":false,"_monsterinsights_sitenote_note":"","_monsterinsights_sitenote_category":0,"footnotes":""},"class_list":["post-1124","page","type-page","status-publish","hentry"],"yoast_head":"<!-- This site is optimized with the Yoast SEO plugin v27.4 - https:\/\/yoast.com\/product\/yoast-seo-wordpress\/ -->\n<title>Sports Ministry - JUCUM LIBERIA - YWAM LIBERIA - COSTA RICA<\/title>\n<meta name=\"robots\" content=\"index, follow, max-snippet:-1, max-image-preview:large, max-video-preview:-1\" \/>\n<link rel=\"canonical\" href=\"https:\/\/jucumlir.org\/es\/projects\/sports-camp\/\" \/>\n<meta property=\"og:locale\" content=\"es_ES\" \/>\n<meta property=\"og:type\" content=\"article\" \/>\n<meta property=\"og:title\" content=\"Sports Ministry - JUCUM LIBERIA - YWAM LIBERIA - COSTA RICA\" \/>\n<meta property=\"og:description\" content=\"We want to share God&#8217;s love in any way possible and one of them is through sports. Our passion is to serve people by showing the father&#8217;s love to each person and letting them know that they are valuable and important to God. SPORTS MINISTRY God has called us to love people \u202f\u00a0 We have [&hellip;]\" \/>\n<meta property=\"og:url\" content=\"https:\/\/jucumlir.org\/es\/projects\/sports-camp\/\" \/>\n<meta property=\"og:site_name\" content=\"JUCUM LIBERIA - YWAM LIBERIA - COSTA RICA\" \/>\n<meta property=\"article:publisher\" content=\"https:\/\/www.facebook.com\/JUCUMLIberia\/\" \/>\n<meta property=\"article:modified_time\" content=\"2024-10-01T09:48:39+00:00\" \/>\n<meta name=\"twitter:card\" content=\"summary_large_image\" \/>\n<meta name=\"twitter:label1\" content=\"Est. reading time\" \/>\n\t<meta name=\"twitter:data1\" content=\"1 minuto\" \/>\n<script type=\"application\/ld+json\" class=\"yoast-schema-graph\">{\"@context\":\"https:\\\/\\\/schema.org\",\"@graph\":[{\"@type\":\"WebPage\",\"@id\":\"https:\\\/\\\/jucumlir.org\\\/projects\\\/sports-camp\\\/\",\"url\":\"https:\\\/\\\/jucumlir.org\\\/projects\\\/sports-camp\\\/\",\"name\":\"Sports Ministry - JUCUM LIBERIA - YWAM LIBERIA - COSTA RICA\",\"isPartOf\":{\"@id\":\"https:\\\/\\\/jucumlir.org\\\/#website\"},\"datePublished\":\"2019-08-14T01:25:05+00:00\",\"dateModified\":\"2024-10-01T09:48:39+00:00\",\"breadcrumb\":{\"@id\":\"https:\\\/\\\/jucumlir.org\\\/projects\\\/sports-camp\\\/#breadcrumb\"},\"inLanguage\":\"es-CR\",\"potentialAction\":[{\"@type\":\"ReadAction\",\"target\":[\"https:\\\/\\\/jucumlir.org\\\/projects\\\/sports-camp\\\/\"]}]},{\"@type\":\"BreadcrumbList\",\"@id\":\"https:\\\/\\\/jucumlir.org\\\/projects\\\/sports-camp\\\/#breadcrumb\",\"itemListElement\":[{\"@type\":\"ListItem\",\"position\":1,\"name\":\"Home\",\"item\":\"https:\\\/\\\/jucumlir.org\\\/\"},{\"@type\":\"ListItem\",\"position\":2,\"name\":\"Ministries\",\"item\":\"https:\\\/\\\/jucumlir.org\\\/projects\\\/\"},{\"@type\":\"ListItem\",\"position\":3,\"name\":\"Sports Ministry\"}]},{\"@type\":\"WebSite\",\"@id\":\"https:\\\/\\\/jucumlir.org\\\/#website\",\"url\":\"https:\\\/\\\/jucumlir.org\\\/\",\"name\":\"Ywam Liberia\",\"description\":\"Know God and Make Him Known.\",\"publisher\":{\"@id\":\"https:\\\/\\\/jucumlir.org\\\/#organization\"},\"potentialAction\":[{\"@type\":\"SearchAction\",\"target\":{\"@type\":\"EntryPoint\",\"urlTemplate\":\"https:\\\/\\\/jucumlir.org\\\/?s={search_term_string}\"},\"query-input\":{\"@type\":\"PropertyValueSpecification\",\"valueRequired\":true,\"valueName\":\"search_term_string\"}}],\"inLanguage\":\"es-CR\"},{\"@type\":\"Organization\",\"@id\":\"https:\\\/\\\/jucumlir.org\\\/#organization\",\"name\":\"Ywam Liberia\",\"url\":\"https:\\\/\\\/jucumlir.org\\\/\",\"logo\":{\"@type\":\"ImageObject\",\"inLanguage\":\"es-CR\",\"@id\":\"https:\\\/\\\/jucumlir.org\\\/#\\\/schema\\\/logo\\\/image\\\/\",\"url\":\"https:\\\/\\\/jucumlir.org\\\/wp-content\\\/uploads\\\/2019\\\/08\\\/45350719_2086477328075040_748826671884271616_o.jpg\",\"contentUrl\":\"https:\\\/\\\/jucumlir.org\\\/wp-content\\\/uploads\\\/2019\\\/08\\\/45350719_2086477328075040_748826671884271616_o.jpg\",\"width\":1867,\"height\":1867,\"caption\":\"Ywam Liberia\"},\"image\":{\"@id\":\"https:\\\/\\\/jucumlir.org\\\/#\\\/schema\\\/logo\\\/image\\\/\"},\"sameAs\":[\"https:\\\/\\\/www.facebook.com\\\/JUCUMLIberia\\\/\",\"https:\\\/\\\/www.instagram.com\\\/jucumliberia\\\/\",\"https:\\\/\\\/www.youtube.com\\\/channel\\\/UCibnlzZYe8iw8LQFanMTK2g\"]}]}<\/script>\n<!-- \/ Yoast SEO plugin. -->","yoast_head_json":{"title":"Sports Ministry - JUCUM LIBERIA - YWAM LIBERIA - COSTA RICA","robots":{"index":"index","follow":"follow","max-snippet":"max-snippet:-1","max-image-preview":"max-image-preview:large","max-video-preview":"max-video-preview:-1"},"canonical":"https:\/\/jucumlir.org\/es\/projects\/sports-camp\/","og_locale":"es_ES","og_type":"article","og_title":"Sports Ministry - JUCUM LIBERIA - YWAM LIBERIA - COSTA RICA","og_description":"We want to share God&#8217;s love in any way possible and one of them is through sports. Our passion is to serve people by showing the father&#8217;s love to each person and letting them know that they are valuable and important to God. SPORTS MINISTRY God has called us to love people \u202f\u00a0 We have [&hellip;]","og_url":"https:\/\/jucumlir.org\/es\/projects\/sports-camp\/","og_site_name":"JUCUM LIBERIA - YWAM LIBERIA - COSTA RICA","article_publisher":"https:\/\/www.facebook.com\/JUCUMLIberia\/","article_modified_time":"2024-10-01T09:48:39+00:00","twitter_card":"summary_large_image","twitter_misc":{"Est. reading time":"1 minuto"},"schema":{"@context":"https:\/\/schema.org","@graph":[{"@type":"WebPage","@id":"https:\/\/jucumlir.org\/projects\/sports-camp\/","url":"https:\/\/jucumlir.org\/projects\/sports-camp\/","name":"Sports Ministry - JUCUM LIBERIA - YWAM LIBERIA - COSTA RICA","isPartOf":{"@id":"https:\/\/jucumlir.org\/#website"},"datePublished":"2019-08-14T01:25:05+00:00","dateModified":"2024-10-01T09:48:39+00:00","breadcrumb":{"@id":"https:\/\/jucumlir.org\/projects\/sports-camp\/#breadcrumb"},"inLanguage":"es-CR","potentialAction":[{"@type":"ReadAction","target":["https:\/\/jucumlir.org\/projects\/sports-camp\/"]}]},{"@type":"BreadcrumbList","@id":"https:\/\/jucumlir.org\/projects\/sports-camp\/#breadcrumb","itemListElement":[{"@type":"ListItem","position":1,"name":"Home","item":"https:\/\/jucumlir.org\/"},{"@type":"ListItem","position":2,"name":"Ministries","item":"https:\/\/jucumlir.org\/projects\/"},{"@type":"ListItem","position":3,"name":"Sports Ministry"}]},{"@type":"WebSite","@id":"https:\/\/jucumlir.org\/#website","url":"https:\/\/jucumlir.org\/","name":"JUCUM Liberia","description":"Know God and Make Him Known.","publisher":{"@id":"https:\/\/jucumlir.org\/#organization"},"potentialAction":[{"@type":"SearchAction","target":{"@type":"EntryPoint","urlTemplate":"https:\/\/jucumlir.org\/?s={search_term_string}"},"query-input":{"@type":"PropertyValueSpecification","valueRequired":true,"valueName":"search_term_string"}}],"inLanguage":"es-CR"},{"@type":"Organization","@id":"https:\/\/jucumlir.org\/#organization","name":"JUCUM Liberia","url":"https:\/\/jucumlir.org\/","logo":{"@type":"ImageObject","inLanguage":"es-CR","@id":"https:\/\/jucumlir.org\/#\/schema\/logo\/image\/","url":"https:\/\/jucumlir.org\/wp-content\/uploads\/2019\/08\/45350719_2086477328075040_748826671884271616_o.jpg","contentUrl":"https:\/\/jucumlir.org\/wp-content\/uploads\/2019\/08\/45350719_2086477328075040_748826671884271616_o.jpg","width":1867,"height":1867,"caption":"Ywam Liberia"},"image":{"@id":"https:\/\/jucumlir.org\/#\/schema\/logo\/image\/"},"sameAs":["https:\/\/www.facebook.com\/JUCUMLIberia\/","https:\/\/www.instagram.com\/jucumliberia\/","https:\/\/www.youtube.com\/channel\/UCibnlzZYe8iw8LQFanMTK2g"]}]}},"publishpress_future_action":{"enabled":false,"date":"2026-05-01 21:12:45","action":"change-status","newStatus":"draft","terms":[],"taxonomy":"","extraData":[]},"publishpress_future_workflow_manual_trigger":{"enabledWorkflows":[]},"_links":{"self":[{"href":"https:\/\/jucumlir.org\/es\/wp-json\/wp\/v2\/pages\/1124","targetHints":{"allow":["GET"]}}],"collection":[{"href":"https:\/\/jucumlir.org\/es\/wp-json\/wp\/v2\/pages"}],"about":[{"href":"https:\/\/jucumlir.org\/es\/wp-json\/wp\/v2\/types\/page"}],"author":[{"embeddable":true,"href":"https:\/\/jucumlir.org\/es\/wp-json\/wp\/v2\/users\/5"}],"replies":[{"embeddable":true,"href":"https:\/\/jucumlir.org\/es\/wp-json\/wp\/v2\/comments?post=1124"}],"version-history":[{"count":11,"href":"https:\/\/jucumlir.org\/es\/wp-json\/wp\/v2\/pages\/1124\/revisions"}],"predecessor-version":[{"id":4775,"href":"https:\/\/jucumlir.org\/es\/wp-json\/wp\/v2\/pages\/1124\/revisions\/4775"}],"up":[{"embeddable":true,"href":"https:\/\/jucumlir.org\/es\/wp-json\/wp\/v2\/pages\/1063"}],"wp:attachment":[{"href":"https:\/\/jucumlir.org\/es\/wp-json\/wp\/v2\/media?parent=1124"}],"curies":[{"name":"wp","href":"https:\/\/api.w.org\/{rel}","templated":true}]}}